{"id":749,"date":"2023-06-20T16:13:52","date_gmt":"2023-06-20T13:13:52","guid":{"rendered":"https:\/\/ampwise.eu\/for-supplier\/"},"modified":"2023-08-28T18:44:17","modified_gmt":"2023-08-28T15:44:17","slug":"for-supplier","status":"publish","type":"page","link":"https:\/\/amp.kanso.ee\/lv\/for-supplier\/","title":{"rendered":"Pieg\u0101d\u0101t\u0101jam"},"content":{"rendered":"","protected":false},"excerpt":{"rendered":"","protected":false},"author":1,"featured_media":1080,"parent":0,"menu_order":0,"comment_status":"closed","ping_status":"closed","template":"","meta":{"_acf_changed":false,"inline_featured_image":false,"footnotes":""},"class_list":["post-749","page","type-page","status-publish","has-post-thumbnail","hentry"],"acf":[],"_links":{"self":[{"href":"https:\/\/amp.kanso.ee\/lv\/wp-json\/wp\/v2\/pages\/749","targetHints":{"allow":["GET"]}}],"collection":[{"href":"https:\/\/amp.kanso.ee\/lv\/wp-json\/wp\/v2\/pages"}],"about":[{"href":"https:\/\/amp.kanso.ee\/lv\/wp-json\/wp\/v2\/types\/page"}],"author":[{"embeddable":true,"href":"https:\/\/amp.kanso.ee\/lv\/wp-json\/wp\/v2\/users\/1"}],"replies":[{"embeddable":true,"href":"https:\/\/amp.kanso.ee\/lv\/wp-json\/wp\/v2\/comments?post=749"}],"version-history":[{"count":5,"href":"https:\/\/amp.kanso.ee\/lv\/wp-json\/wp\/v2\/pages\/749\/revisions"}],"predecessor-version":[{"id":1499,"href":"https:\/\/amp.kanso.ee\/lv\/wp-json\/wp\/v2\/pages\/749\/revisions\/1499"}],"wp:featuredmedia":[{"embeddable":true,"href":"https:\/\/amp.kanso.ee\/lv\/wp-json\/wp\/v2\/media\/1080"}],"wp:attachment":[{"href":"https:\/\/amp.kanso.ee\/lv\/wp-json\/wp\/v2\/media?parent=749"}],"curies":[{"name":"wp","href":"https:\/\/api.w.org\/{rel}","templated":true}]}}